{"id":77,"date":"2025-11-25T19:34:49","date_gmt":"2025-11-25T16:34:49","guid":{"rendered":"http:\/\/safakyuce.com.tr\/?page_id=77"},"modified":"2025-11-25T21:07:26","modified_gmt":"2025-11-25T18:07:26","slug":"ipuclari","status":"publish","type":"page","link":"https:\/\/safakyuce.com.tr\/?page_id=77","title":{"rendered":"\u0130pu\u00e7lar\u0131"},"content":{"rendered":"\n<p>\u00c7al\u0131\u015fma hayat\u0131m boyunca kulland\u0131\u011f\u0131m k\u00fc\u00e7\u00fck ama zaman kazand\u0131ran detaylar;<\/p>\n\n\n\n<h4 class=\"wp-block-heading\">ANSI ve UNICODE KODLARI<\/h4>\n\n\n\n<p>ANSI kodlar\u0131 kullanarak karakterleri yazmak i\u00e7in NUMLCK tu\u015funun a\u00e7\u0131kken ALT+#ANSIKOD(Num Pad \u00fczerinde) yazarak karakter yaz\u0131l\u0131r.<\/p>\n\n\n\n<p>\u00b0 0176, \u00d8 0216, \u00b1 0177, \u00d7 0215, \u00b2 0178, \u00b3 0179, A 65, a 97, <br>\u00e7 231, \u011f 287, \u0131 305, \u00f6 246, \u015f 351, \u00fc 252, \u0259 601, \u00fd 253, \u00e4 228, \u0148 328<\/p>\n\n\n\n<p>UNICODE kodlar\u0131 kullanarak yazmak i\u00e7in verilen say\u0131 yaz\u0131l\u0131p se\u00e7ilir, sonra ALT + X e bas\u0131ld\u0131\u011f\u0131nda se\u00e7ili say\u0131 karaktere d\u00f6n\u00fc\u015f\u00fcr. E\u011fer karakter aksan i\u015faretiyse, \u00f6nce harf yaz\u0131l\u0131r sonra say\u0131 yaz\u0131l\u0131p karaktere \u00e7evirilir. \u00d6rne\u011fin: a\u030c i\u00e7in a<mark style=\"background-color:#abb8c3\" class=\"has-inline-color has-white-color\">030c<\/mark>.<\/p>\n\n\n\n<p>\u2030 U+2030, \u00b0 U+00B0, \u00d8 U+00D8, \u00b1 U+00B1, \u00d7 U+00D7, \u00b2 U+00B2, \u00b3 U+00B3<br>A U+0041, a U+0061 \u00e7 U+00E7, \u011f U+011F, \u0131 U+0131, \u00f6 U+00F6, \u015f U+015F, \u00fc U+00FC<br>\u0259 U+0259, \u00fd U+00FD, \u00e4 U+00E4, \u0148 U+0148<\/p>\n\n\n\n<p>Pinyin giri\u015fi i\u00e7in;<br>Ton 1: a\u0304 e\u0304 i\u0304 o\u0304 u\u0304 (-) U+0304<br>Ton 2: a\u0301 e\u0301 i\u0301 o\u0301 u\u0301 ( \u0301) U+0301<br>Ton 3: a\u030c e\u030c i\u030c o\u030c u\u030c ( \u030c) U+030c<br>Ton 4: a\u0300 e\u0300 i\u0300 o\u0300 u\u0300 ( \u0300) U+0300<\/p>\n\n\n\n<p>HTML i\u00e7erisinde yazmak i\u00e7in:<\/p>\n\n\n\n<p>\u00b0 &amp;deg; , \u00b1 &amp;plusmn; , \u00d7 &amp;times; , \u00b2 &amp;sup2; , \u00b3 &amp;sup3; , \u00d8 &amp;Oslash;<\/p>\n\n\n\nANSI yada ASCII yazmak i\u00e7in kod &#038;# karakterlerinden sonra yaz\u0131l\u0131r. \u00d6rne\u011fin: \u00d8 i\u00e7in &#038;# 0216\n\n\n\nUNICODE yazmak i\u00e7in kod &#038;#x karakterlerinden sonra yaz\u0131l\u0131r. \u00d6rne\u011fin: \u00d8 i\u00e7in &#038;#x 00D8\n\n\n\n<hr class=\"wp-block-separator has-alpha-channel-opacity\"\/>\n\n\n\n<h4 class=\"wp-block-heading\">EXCEL&#8217;DE ALT+ENTER KARAKTER\u0130 \u0130LE \u00c7ALI\u015eMAK<\/h4>\n\n\n\n<p>Excelde &#8220;de\u011fi\u015ftir&#8221; kullanarak ALT+ENTER (H\u00fccre i\u00e7inde alt sat\u0131r karakteri) eklemek yada \u00e7\u0131karmak i\u00e7in; de\u011fi\u015ftir k\u0131sm\u0131nda CTRL+J &#8216;ye bas\u0131l\u0131r. Excel karakteri yerle\u015ftirir.<\/p>\n\n\n\n<hr class=\"wp-block-separator has-alpha-channel-opacity\"\/>\n\n\n\n<h4 class=\"wp-block-heading\"><strong>EXCEL \u015e\u0130FRES\u0130N\u0130 KALDIRMAK<\/strong><\/h4>\n\n\n\n<p>Excel dosyas\u0131ndaki \u015fifreleri kald\u0131rmak i\u00e7in dosya; Winzip, Winrar, 7-zip ya da benzer bir programla a\u00e7\u0131l\u0131r. A\u00e7\u0131lan dosyada &#8220;xl&#8221; dosyas\u0131nda, &#8220;worksheets&#8221; i\u00e7inde &#8220;sayfa&#8230;.xml&#8221; dosyas\u0131 Notepad yada benzeri bir uygulamayla a\u00e7\u0131l\u0131r. A\u00e7\u0131lan yaz\u0131lar i\u00e7inde &#8220;Protection&#8221; aran\u0131r. &lt;sheetProtection &#8230;. \/&gt; yazan k\u0131s\u0131m silinip her \u015fey kaydedilir. Ayn\u0131 i\u015flem b\u00fct\u00fcn korumal\u0131 sayfalar i\u00e7in tekrar edilir.<\/p>\n\n\n\n<hr class=\"wp-block-separator has-alpha-channel-opacity\"\/>\n\n\n\n<h4 class=\"wp-block-heading\"><strong>HRP SAC B\u00dcK\u00dcM FAKT\u00d6R\u00dc<\/strong><\/h4>\n\n\n\n<p>B\u00fck\u00fcm yap\u0131lan HRP sac\u0131n kal\u0131nl\u0131\u011f\u0131na t dersek. B\u00fck\u00fcm \u00e7izgisinin iki taraf\u0131na &#8221; bf = 0,131 x t &#8221; kadar malzeme eklenir. \u00d6rne\u011fin 100mm x 100mm x 5mm L kesitli b\u00fck\u00fclm\u00fc\u015f sac\u0131n a\u00e7\u0131l\u0131m\u0131nda ki uzunlu\u011fu = (100+0,131&#215;5)+ (100+0,131&#215;5) = 201,31 mm olur.<\/p>\n\n\n\n<hr class=\"wp-block-separator has-alpha-channel-opacity\"\/>\n\n\n\n<h4 class=\"wp-block-heading\">HAYATIN 3 BAS\u0130T KURALI VE B\u00dcY\u00dcS\u00dc<\/h4>\n\n\n\n<ol class=\"wp-block-list\">\n<li>E\u011fer istedi\u011fin \u015feyin pe\u015finden gitmezsen, hi\u00e7bir zaman sahibi olamazs\u0131n.<\/li>\n\n\n\n<li>E\u011fer sormazsan, cevap her zaman &#8220;hay\u0131r&#8221;d\u0131r.<\/li>\n\n\n\n<li>E\u011fer ileri ad\u0131m atmazsan, her zaman ayn\u0131 yerde kal\u0131rs\u0131n.<\/li>\n<\/ol>\n\n\n\n<p>Hayat\u0131n b\u00fcy\u00fcs\u00fc s\u00fcrekli ka\u00e7t\u0131\u011f\u0131n i\u015fte gizli.<\/p>\n\n\n\n<hr class=\"wp-block-separator has-alpha-channel-opacity\"\/>\n\n\n\n<h4 class=\"wp-block-heading\">F\u0130NANSAL HESAP NOTLARI<\/h4>\n\n\n\n<p>72 Kural\u0131: 72 b\u00f6l\u00fc faiz oran\u0131n\u0131, yat\u0131r\u0131m\u0131n ne zaman ikiye katlanaca\u011f\u0131n\u0131 verir. <strong>T=72\/r<\/strong> \u00d6rne\u011fin; Faiz oran\u0131 %4 ise ikiye katlama zaman\u0131 = 72\/4= 18 (ay, y\u0131l vs.)<\/p>\n\n\n\n<p>Ayl\u0131k e\u015fit (sabit) taksitler (EMI &#8211; Equated monthly installment): Kredi i\u00e7in ayl\u0131k <em>yakla\u015f\u0131k<\/em> ne kadar \u00f6denece\u011finin hesab\u0131d\u0131r. <strong>EMI=P*r*[(r+1) ^n] \/ {[(r+1)^n]-1}<\/strong> ile bulunur. P=toplam kredi, r=ayl\u0131k kredi oran\u0131, n=toplam \u00f6deme periyodu. \u00d6rne\u011fin; 100.000 liral\u0131k bir kredi i\u00e7in, %4 ayl\u0131k faiz ve 5 y\u0131l \u00f6deme s\u00fcresiyle ayl\u0131k yakla\u015f\u0131k \u00f6demesi \u015f\u00f6yle hesaplanabilir : n=5*12=60. EMI=100000*0,04*(1,04^60)\/((1,04^60)-1) = ~ 4430<\/p>\n\n\n\n<p>Birle\u015fik faiz: Belirli periyotta sabit getirisi olan yat\u0131r\u0131mlar\u0131n, yat\u0131r\u0131m sonunda toplam miktar\u0131n\u0131n hesab\u0131n\u0131 \u015fu \u015fekilde yapabiliriz: <strong>GT=P*[(r+1) ^n]<\/strong>. P=anapara, r=getiri oran\u0131 (faiz, kazan\u00e7 oran\u0131 vs.), n=i\u015flem periyodu, GT=anapara ve t\u00fcm kazanc\u0131n toplam\u0131. \u00d6rne\u011fin; 100 liral\u0131k bir yat\u0131r\u0131m, ayl\u0131k %4 kazan\u00e7la, 18 ay\u0131n sonunda GT=100*(1,04^18)= ~ 202 lira olur.<\/p>\n","protected":false},"excerpt":{"rendered":"<p>\u00c7al\u0131\u015fma hayat\u0131m boyunca kulland\u0131\u011f\u0131m k\u00fc\u00e7\u00fck ama zaman kazand\u0131ran detaylar; ANSI ve UNICODE KODLARI ANSI kodlar\u0131 kullanarak karakterleri yazmak i\u00e7in NUMLCK tu\u015funun a\u00e7\u0131kken ALT+#ANSIKOD(Num Pad \u00fczerinde)&#8230;<\/p>\n<div class=\"more-link-wrapper\"><a class=\"more-link\" href=\"https:\/\/safakyuce.com.tr\/?page_id=77\">Devam\u0131n\u0131 okuyun<span class=\"screen-reader-text\">\u0130pu\u00e7lar\u0131<\/span><\/a><\/div>\n","protected":false},"author":1,"featured_media":0,"parent":0,"menu_order":0,"comment_status":"closed","ping_status":"closed","template":"","meta":{"footnotes":""},"class_list":["post-77","page","type-page","status-publish","hentry","entry"],"_links":{"self":[{"href":"https:\/\/safakyuce.com.tr\/index.php?rest_route=\/wp\/v2\/pages\/77","targetHints":{"allow":["GET"]}}],"collection":[{"href":"https:\/\/safakyuce.com.tr\/index.php?rest_route=\/wp\/v2\/pages"}],"about":[{"href":"https:\/\/safakyuce.com.tr\/index.php?rest_route=\/wp\/v2\/types\/page"}],"author":[{"embeddable":true,"href":"https:\/\/safakyuce.com.tr\/index.php?rest_route=\/wp\/v2\/users\/1"}],"replies":[{"embeddable":true,"href":"https:\/\/safakyuce.com.tr\/index.php?rest_route=%2Fwp%2Fv2%2Fcomments&post=77"}],"version-history":[{"count":11,"href":"https:\/\/safakyuce.com.tr\/index.php?rest_route=\/wp\/v2\/pages\/77\/revisions"}],"predecessor-version":[{"id":134,"href":"https:\/\/safakyuce.com.tr\/index.php?rest_route=\/wp\/v2\/pages\/77\/revisions\/134"}],"wp:attachment":[{"href":"https:\/\/safakyuce.com.tr\/index.php?rest_route=%2Fwp%2Fv2%2Fmedia&parent=77"}],"curies":[{"name":"wp","href":"https:\/\/api.w.org\/{rel}","templated":true}]}}