{"id":39,"date":"2019-11-18T17:38:24","date_gmt":"2019-11-18T14:38:24","guid":{"rendered":"http:\/\/safakyuce.com.tr\/?page_id=39"},"modified":"2024-09-04T14:08:09","modified_gmt":"2024-09-04T11:08:09","slug":"ozgecmis","status":"publish","type":"page","link":"https:\/\/safakyuce.com.tr\/?page_id=39","title":{"rendered":"\u00d6zge\u00e7mi\u015f"},"content":{"rendered":"\n<p>04.09.2024 tarihli \u00d6zge\u00e7mi\u015fim;<\/p>\n\n\n\n<h4 class=\"wp-block-heading has-text-align-left\"><em>09.2023\u00a0\u2013 G\u00fcn\u00fcm\u00fcz<\/em><strong>  CRRC Ziyang Locomotive Co Ltd <\/strong>\u00a0(\u00c7in\u00a0&#8211; Sichuan &#8211; Ziyang)<\/h4>\n\n\n\n<p><em>Uluslararas\u0131 sat\u0131\u015f departman\u0131<\/em><\/p>\n\n\n\n<ul class=\"wp-block-list\">\n<li>Sat\u0131\u015f sonras\u0131 m\u00fchendisi olarak T\u00fcrkmenistan&#8217;a sat\u0131lan lokomotiflerin bak\u0131m ve onar\u0131mlar\u0131ndan sorumluyum.<\/li>\n\n\n\n<li>Sat\u0131\u015f ekibine destek veriyorum.<\/li>\n\n\n\n<li>Departman m\u00fcd\u00fcr\u00fc taraf\u0131ndan verilen di\u011fer departman d\u0131\u015f\u0131 g\u00f6revleri yap\u0131yorum. (Pazar ara\u015ft\u0131rmas\u0131, bilgisayar program\u0131 yaz\u0131m\u0131 vs.)<\/li>\n<\/ul>\n\n\n\n<h4 class=\"wp-block-heading has-text-align-left\"><em>04.2022\u00a0\u2013 06.2023<\/em><strong>  CRRC MNG Rayll\u0131 Sistem Ara\u00e7lar\u0131 <\/strong>(Ankara)<\/h4>\n\n\n\n<p><em>Teknik ve Kalite Departman\u0131<\/em><\/p>\n\n\n\n<ul class=\"wp-block-list\">\n<li>Ekipman m\u00fchendisi olarak t\u00fcm altyap\u0131 ve \u00fcretim makinalar\u0131 bak\u0131m ve onar\u0131m\u0131 y\u00f6nettim.<\/li>\n\n\n\n<li>Teknik kalite departman\u0131 i\u00e7erisindeki yerel sat\u0131nalma s\u00fcre\u00e7lerini y\u00f6nettim. (Kalite belgeleri ve servisleri, makina ve el aletleri vs.)<\/li>\n\n\n\n<li>B\u00f6l\u00fcm y\u00f6neticisi taraf\u0131ndan atanan departman d\u0131\u015f\u0131 g\u00f6revleri yapt\u0131m. (Pazar ara\u015ft\u0131rmas\u0131, \u00a0yar\u0131 mam\u00fcllerin yerelle\u015ftirilmesi, sat\u0131\u015f sonras\u0131 ekibinin idaresi vs.)<\/li>\n\n\n\n<li>ISO 9001 kalite y\u00f6netim sistemi sertifika e\u011fitimini tamamlad\u0131m.<\/li>\n<\/ul>\n\n\n\n<h4 class=\"wp-block-heading\"><em>09.2020 \u2013 04.2022<\/em><strong>  Bilkon Elektrik, Elektronik, Makina<\/strong> (\u00c7orum)<\/h4>\n\n\n\n<p><em>\u00dcretim ve Ar&amp;Ge departman\u0131<\/em><\/p>\n\n\n\n<ul class=\"wp-block-list\">\n<li>Un, bakliyat, yem paketleme ve dozajlama makinalar\u0131n\u0131n t\u00fcm mekanik \u00fcretim proseslerini y\u00f6nettim.<\/li>\n\n\n\n<li>Basit mekanik ve di\u011fer teknik analizleri yapt\u0131m.<\/li>\n<\/ul>\n\n\n\n<h4 class=\"wp-block-heading\"><em>06.2019 \u2013 01.2020<\/em><strong>  Sichuan Zili (Zilee) Machinery Co.<\/strong> (\u00c7in\u00a0&#8211; Sichuan &#8211; Ziyang)<\/h4>\n\n\n\n<p><em>Ar&amp;Ge departman\u0131<\/em><\/p>\n\n\n\n<ul class=\"wp-block-list\">\n<li>Ar&amp;Ge ekibinde\u00a0yeni \u00fcr\u00fcn tasar\u0131m\u0131 ve yabanc\u0131 rakip analizi \u00fczerinde \u00e7al\u0131\u015ft\u0131m.<\/li>\n\n\n\n<li>Yeni \u00fcr\u00fcn tan\u0131t\u0131mlar\u0131 ve sunumlar\u0131 i\u00e7in KeyShot program\u0131n\u0131 \u00f6\u011frenerek Solidworks \u00e7izimlerini ger\u00e7e\u011fe yak\u0131n resimler haline \u00e7evirdim.<\/li>\n<\/ul>\n\n\n\n<h4 class=\"wp-block-heading\"><em>09.2017 \u2013 09.2018 <\/em> <strong>GAP \u0130n\u015faat   <\/strong>(T\u00fcrkmenistan\u00a0&#8211; T\u00fcrkmenba\u015f\u0131) <\/h4>\n\n\n\n<p><em>T\u00fcrkmenba\u015f\u0131 Uluslararas\u0131 Liman Projesi \u2013 <\/em><em>Devreye Alma Departman\u0131<\/em><em><\/em><\/p>\n\n\n\n<ul class=\"wp-block-list\">\n<li>Binek ara\u00e7lar, ta\u015f\u0131ma ekipmanlar\u0131, lokomotifler ve tersane i\u00e7erisinde yer alan tala\u015fl\u0131 tala\u015fs\u0131z imalat makineleri devreye al\u0131nmas\u0131nda g\u00f6rev ald\u0131m.<\/li>\n\n\n\n<li>Devreye alma \u00f6ncesi ve sonras\u0131 yap\u0131m departmanlar\u0131 aras\u0131nda koordinasyon sa\u011flad\u0131m.<\/li>\n\n\n\n<li>Script komutlar\u0131 ile d\u00f6k\u00fcmantasyon i\u015flerinin h\u0131zland\u0131r\u0131lmas\u0131na yard\u0131mc\u0131 oldum.<\/li>\n<\/ul>\n\n\n\n<h4 class=\"wp-block-heading\"><em>09.2014\u00a0\u2013 09.2017\u00a0<\/em> <strong>GAP \u0130n\u015faat  <\/strong>(T\u00fcrkmenistan\u00a0&#8211; A\u015fkabat)<strong>\u00a0<\/strong><\/h4>\n\n\n\n<ul class=\"wp-block-list\"><\/ul>\n\n\n\n<p>09.2017\u00a0\u2013 09.2017<em>Endokronoloji ve Cerrahi Hastane Projesi (55500 m2, 300 yatakl\u0131) <br>Mekanik Tesisat Departman\u0131<\/em><\/p>\n\n\n\n<p>09.2015 \u2013 09.2016 <em>Morfoloji Merkezi (27600 m2) ve Tehlikeli Enfeksiyon Merkezi (10000 m2, BSL3 Laboratuvar\u0131) Projeleri<br>Mekanik Tesisat Departman\u0131<\/em><\/p>\n\n\n\n<p>09.2014 \u2013 09.2015 <em>Kardiyoloji Hastanesi\u00a0Projesi (27000 m2, 170 yatakl\u0131)<br>Mekanik Tesisat Departman\u0131<\/em><\/p>\n\n\n\n<ul class=\"wp-block-list\">\n<li>Ta\u015feron firma yoluyla yap\u0131lan mekanik tesisatlar\u0131n kontrol, koordinasyon ve devreye al\u0131nmas\u0131n\u0131 \u015fantiye \u015fefi ve proje m\u00fcd\u00fcr\u00fcn\u00fcn y\u00f6nlendirmeleri ve saha ekibim arac\u0131l\u0131\u011f\u0131yla sa\u011flad\u0131m.<\/li>\n\n\n\n<li>Medikal ekipman ta\u015feronlar\u0131 ile yap\u0131m departmanlar\u0131 aras\u0131 koordinasyonu sa\u011flad\u0131m.<\/li>\n\n\n\n<li>Pnomatik ta\u015f\u0131ma sistemi, cephe temizlik sistemleri, asans\u00f6rler gibi yard\u0131mc\u0131 sistemlerin kurulumu ve devreye al\u0131m\u0131n\u0131 takip edip, gerekli koordinasyonu sa\u011flad\u0131m.<\/li>\n\n\n\n<li>AutoLISP komutlar\u0131 yazarak \u00e7izimlerde analiz ve revizyonu h\u0131zland\u0131rd\u0131m.\u00a0<\/li>\n\n\n\n<li>MS Excel i\u00e7erisinde Visual Basic makrolar\u0131 kullanarak oda baz\u0131nda teslim tutanaklar\u0131 haz\u0131rlamas\u0131n\u0131 olduk\u00e7a h\u0131zland\u0131rd\u0131m.<\/li>\n<\/ul>\n\n\n\n<h4 class=\"wp-block-heading\"><em>09.2007 \u2013 06.2014<\/em> Orta Do\u011fu Teknik \u00dcniversitesi<\/h4>\n\n\n\n<ul class=\"wp-block-list\">\n<li>Makina M\u00fchendisli\u011fi b\u00f6l\u00fcm\u00fcn\u00fc bitirdim.<\/li>\n\n\n\n<li>Solidworks, KeyCreator ve Ms Excel i\u00e7in Visual Basic kullanmaya ba\u015flad\u0131m.<\/li>\n\n\n\n<li>D\u0131\u015f ticaret kursuna kat\u0131ld\u0131m.<\/li>\n<\/ul>\n\n\n\n<hr class=\"wp-block-separator has-alpha-channel-opacity\"\/>\n\n\n\n<p><strong>E\u011fitim Bilgileri;<\/strong><br> <strong>\u00dcniversite (Lisans):<\/strong> Orta Do\u011fu Teknik \u00dcniversitesi (ODT\u00dc)  <em> <\/em><br>  M\u00fchendislik Fak\u00fcltesi, Makina M\u00fchendisli\u011fi (\u0130ngilizce)    <em>09.2007- 06.2014 <\/em><br> <strong>Lise: <\/strong>Samsun Fen Lisesi <em> <\/em><br>  Fen Bilimleri    <em>09.2002 \u2013 06.2006 <\/em><\/p>\n\n\n\n<p><strong>Yabanc\u0131 Dil ;<\/strong><br> \u0130ngilizce : Y\u00fcksek (\u00d6\u011frenim dili)<br> Rus\u00e7a : Ba\u015flang\u0131\u00e7 (Kurs ve kitap)<br> \u00c7ince : Ba\u015flang\u0131\u00e7 (Ki\u015fisel merak)<\/p>\n\n\n\n<p><strong>Bilgisayar Bilgileri;<\/strong><br> Ofis programlar\u0131; Microsoft Office, LibreOffice(Giri\u015f)<br> \u00c7izim Programlar\u0131; AutoCAD, Solidworks, KeyCreator, Inventor <br> Grafik programlar\u0131; KeyShot, PhotoShop <br> Programlama ve makro dilleri; AutoLISP, Ms Excel i\u00e7in Visual Basic, Arduino, <br> Quick  Basic, MS-DOS Batch Script ve Windows Script Host kullanarak mini programlar<\/p>\n\n\n\n<p><strong>Ki\u015fisel Bilgiler<\/strong>;<br> Do\u011fum Tarihi: 21.07.1988<br> Medeni Hali: Evli<br> Askerlik Durumu: Muaf (D\u00f6vizli)<br> S\u00fcr\u00fcc\u00fc Belgesi: B(2007)<br> Sigara kullanm\u0131yorum.<\/p>\n\n\n\n<p>\u0130leti\u015fim: safak.yuce@gmail.com, safakyuce@mail.com<\/p>\n","protected":false},"excerpt":{"rendered":"<p>04.09.2024 tarihli \u00d6zge\u00e7mi\u015fim; 09.2023\u00a0\u2013 G\u00fcn\u00fcm\u00fcz CRRC Ziyang Locomotive Co Ltd \u00a0(\u00c7in\u00a0&#8211; Sichuan &#8211; Ziyang) Uluslararas\u0131 sat\u0131\u015f departman\u0131 04.2022\u00a0\u2013 06.2023 CRRC MNG Rayll\u0131 Sistem Ara\u00e7lar\u0131 (Ankara)&#8230;<\/p>\n<div class=\"more-link-wrapper\"><a class=\"more-link\" href=\"https:\/\/safakyuce.com.tr\/?page_id=39\">Devam\u0131n\u0131 okuyun<span class=\"screen-reader-text\">\u00d6zge\u00e7mi\u015f<\/span><\/a><\/div>\n","protected":false},"author":1,"featured_media":0,"parent":0,"menu_order":0,"comment_status":"closed","ping_status":"closed","template":"","meta":{"footnotes":""},"class_list":["post-39","page","type-page","status-publish","hentry","entry"],"_links":{"self":[{"href":"https:\/\/safakyuce.com.tr\/index.php?rest_route=\/wp\/v2\/pages\/39","targetHints":{"allow":["GET"]}}],"collection":[{"href":"https:\/\/safakyuce.com.tr\/index.php?rest_route=\/wp\/v2\/pages"}],"about":[{"href":"https:\/\/safakyuce.com.tr\/index.php?rest_route=\/wp\/v2\/types\/page"}],"author":[{"embeddable":true,"href":"https:\/\/safakyuce.com.tr\/index.php?rest_route=\/wp\/v2\/users\/1"}],"replies":[{"embeddable":true,"href":"https:\/\/safakyuce.com.tr\/index.php?rest_route=%2Fwp%2Fv2%2Fcomments&post=39"}],"version-history":[{"count":5,"href":"https:\/\/safakyuce.com.tr\/index.php?rest_route=\/wp\/v2\/pages\/39\/revisions"}],"predecessor-version":[{"id":115,"href":"https:\/\/safakyuce.com.tr\/index.php?rest_route=\/wp\/v2\/pages\/39\/revisions\/115"}],"wp:attachment":[{"href":"https:\/\/safakyuce.com.tr\/index.php?rest_route=%2Fwp%2Fv2%2Fmedia&parent=39"}],"curies":[{"name":"wp","href":"https:\/\/api.w.org\/{rel}","templated":true}]}}